{"id":3153,"date":"2015-01-13T11:56:38","date_gmt":"2015-01-13T10:56:38","guid":{"rendered":"https:\/\/www.recyklo-plzen.cz\/cenik-2\/"},"modified":"2016-05-18T11:29:42","modified_gmt":"2016-05-18T10:29:42","slug":"cenik","status":"publish","type":"page","link":"https:\/\/www.recyklo-plzen.cz\/en\/cenik\/","title":{"rendered":"Cen\u00edk"},"content":{"rendered":"<h1>V\u00fdkupn\u00ed ceny ne\u017eelezn\u00fdch kov\u016f<br \/>\na \u017eelezn\u00e9ho \u0161rotu platn\u00e9 od 6.3.2015<\/h1>\n<div class=\"blocked\">\n<h2>M\u011b\u010f<\/h2>\n<table>\n<tbody>\n<tr>\n<th><strong>materi\u00e1l<\/strong> &#8211; druh (F)<\/th>\n<th><strong>cena K\u010d\/kg<\/strong> (bez DPH)<\/th>\n<\/tr>\n<tr>\n<td><span class=\"nontecky\"><strong>Cu<\/strong> \u010dist\u00e1 elektrovodn\u00e1 nad 1 mm<\/span><\/td>\n<td>a\u017e 123,-<\/td>\n<\/tr>\n<tr>\n<td><span class=\"nontecky\"><strong>Cu<\/strong> \u010dist\u00e1 elektrovodn\u00e1 do 1 mm<\/span><\/td>\n<td>113,-<\/td>\n<\/tr>\n<tr>\n<td><span class=\"nontecky\"><strong>Cu<\/strong> vodi\u010de zelen\u00e9, trolej<\/span><\/td>\n<td>113,-<\/td>\n<\/tr>\n<tr>\n<td><span class=\"nontecky\"><strong>Cu<\/strong> vodi\u010de opalovan\u00e9,poc\u00ednovan\u00e9,lakovan\u00e9<\/span><\/td>\n<td>113,-<\/td>\n<\/tr>\n<tr>\n<td><span class=\"nontecky\"><strong>Cu<\/strong> kusov\u00e1 \u010dist\u00e1 t\u011b\u017ek\u00e1, trubky<\/span><\/td>\n<td>113,-<\/td>\n<\/tr>\n<tr>\n<td><span class=\"nontecky\"><strong>Cu<\/strong> kusov\u00e1 lehk\u00e1 poc\u00ednovan\u00e1<\/span><\/td>\n<td>113,-<\/td>\n<\/tr>\n<tr>\n<td><span class=\"nontecky\"><strong>Cu<\/strong> t\u0159\u00edsky \u010dist\u00e9<\/span><\/td>\n<td>90,-<\/td>\n<\/tr>\n<tr>\n<td><span class=\"nontecky\"><strong>Cu<\/strong> zne\u010di\u0161t\u011bn\u00e1, net\u0159\u00edd\u011bn\u00e1 slab\u00e9 a op\u0159eden\u00e9 vodi\u010de (sklo)<\/span><\/td>\n<td>80,-<\/td>\n<\/tr>\n<tr>\n<td><span class=\"nontecky\"><strong>Cu<\/strong> kabel podle v\u00fdt\u011b\u017enosti<\/span><\/td>\n<td>7,- a\u017e 40,-<\/td>\n<\/tr>\n<tr>\n<td><span class=\"nontecky\"><strong>Cu+Al<\/strong> kabely sm\u011bs<\/span><\/td>\n<td>2,- a\u017e 40,-<\/td>\n<\/tr>\n<\/tbody>\n<\/table>\n<\/div>\n<div class=\"blocked\">\n<h2>Hlin\u00edk<\/h2>\n<table>\n<tbody>\n<tr>\n<th><strong>materi\u00e1l<\/strong> &#8211; druh (F)<\/th>\n<th><strong>cena K\u010d\/kg<\/strong> (bez DPH)<\/th>\n<\/tr>\n<tr>\n<td><span class=\"nontecky\"><strong>Al<\/strong> \u010dist\u00fd elektrovodn\u00fd<\/span><\/td>\n<td>40,-<\/td>\n<\/tr>\n<tr>\n<td><span class=\"nontecky\"><strong>Al<\/strong> star\u00e9 vodi\u010de<\/span><\/td>\n<td>38,-<\/td>\n<\/tr>\n<tr>\n<td><span class=\"nontecky\"><strong>Al<\/strong> mastn\u00e9 vodi\u010de<\/span><\/td>\n<td>28,-<\/td>\n<\/tr>\n<tr>\n<td><span class=\"nontecky\"><strong>Al<\/strong> kusov\u00fd a plech nov\u00fd<\/span><\/td>\n<td>30,-<\/td>\n<\/tr>\n<tr>\n<td><span class=\"nontecky\"><strong>Al<\/strong> folie, \u017ealuzie<\/span><\/td>\n<td>22,-<\/td>\n<\/tr>\n<tr>\n<td><span class=\"nontecky\"><strong>Al-Fe<\/strong> lana<\/span><\/td>\n<td>12,- a\u017e 18,-<\/td>\n<\/tr>\n<tr>\n<td><span class=\"nontecky\"><strong>Al<\/strong> t\u0159\u00edsky<\/span><\/td>\n<td>18,-<\/td>\n<\/tr>\n<tr>\n<td><span class=\"nontecky\"><strong>Al<\/strong> kabely \u2013 podle v\u00fdt\u011b\u017enosti<\/span><\/td>\n<td>2,- a\u017e 10,-<\/td>\n<\/tr>\n<tr>\n<td><span class=\"nontecky\"><strong>Al Cu<\/strong> chladi\u010de<\/span><\/td>\n<td>55,-<\/td>\n<\/tr>\n<\/tbody>\n<\/table>\n<\/div>\n<div class=\"blocked\">\n<h2>Brom a mosaz<\/h2>\n<table>\n<tbody>\n<tr>\n<th><strong>materi\u00e1l<\/strong> &#8211; druh (F)<\/th>\n<th><strong>cena K\u010d\/kg<\/strong> (bez DPH)<\/th>\n<\/tr>\n<tr>\n<td><span class=\"nontecky\"><strong>Br<\/strong> kusov\u00e1 \u010dist\u00e1<\/span><\/td>\n<td>90,-<\/td>\n<\/tr>\n<tr>\n<td><span class=\"nontecky\"><strong>Br<\/strong> magnetick\u00e1<\/span><\/td>\n<td>90,-<\/td>\n<\/tr>\n<tr>\n<td><span class=\"nontecky\"><strong>Br<\/strong> t\u0159\u00edsky<\/span><\/td>\n<td>60,-<\/td>\n<\/tr>\n<tr>\n<td><span class=\"nontecky\"><strong>Ms<\/strong> kusov\u00e1 \u010dist\u00e1 \u2013 druh 58<\/span><\/td>\n<td>75,-<\/td>\n<\/tr>\n<tr>\n<td><span class=\"nontecky\"><strong>Ms<\/strong> kusov\u00e1 sm\u011bs<\/span><\/td>\n<td>70,-<\/td>\n<\/tr>\n<tr>\n<td><span class=\"nontecky\"><strong>Ms<\/strong> t\u0159\u00edsky \u010dist\u00e9<\/span><\/td>\n<td>60,-<\/td>\n<\/tr>\n<tr>\n<td><span class=\"nontecky\"><strong>Br+Ms<\/strong> t\u0159\u00edsky pom\u00edchan\u00e9<\/span><\/td>\n<td>60,-<\/td>\n<\/tr>\n<tr>\n<td><span class=\"nontecky\"><strong>Cu+Ms<\/strong> chladi\u010de bez Fe<\/span><\/td>\n<td>70,-<\/td>\n<\/tr>\n<\/tbody>\n<\/table>\n<\/div>\n<div class=\"blocked\">\n<h2>\u017delezo<\/h2>\n<table>\n<tbody>\n<tr>\n<th><strong>materi\u00e1l<\/strong> &#8211; druh (F)<\/th>\n<th><strong>cena K\u010d\/kg<\/strong> (bez DPH)<\/th>\n<\/tr>\n<tr>\n<td><span class=\"nontecky\"><strong>Fe<\/strong> t\u011b\u017ek\u00fd \u017eelezn\u00fd \u0161rot upraven\u00fd t\u0159.12 (1500x500x500 mm)<\/span><\/td>\n<td>5,00<\/td>\n<\/tr>\n<tr>\n<td><span class=\"nontecky\"><strong>Fe<\/strong> t\u011b\u017ek\u00fd \u017eelezn\u00fd \u0161rot neupraven\u00fd<\/span><\/td>\n<td>3,- a\u017e 4,50<\/td>\n<\/tr>\n<tr>\n<td><span class=\"nontecky\"><strong>Fe<\/strong> \u017eelezn\u00fd \u0161rot lehk\u00fd t\u0159. 27 (do 4 mm)<\/span><\/td>\n<td>3,- a\u017e 4,-<\/td>\n<\/tr>\n<tr>\n<td><span class=\"nontecky\"><strong>Zn+Fe<\/strong> kusov\u00fd a plech star\u00fd<\/span><\/td>\n<td>8,- a\u017e 12,-<\/td>\n<\/tr>\n<\/tbody>\n<\/table>\n<\/div>\n<div class=\"blocked\">\n<h2>Ostatn\u00ed<\/h2>\n<table>\n<tbody>\n<tr>\n<th><strong>materi\u00e1l<\/strong> &#8211; druh (F)<\/th>\n<th><strong>cena K\u010d\/kg<\/strong> (bez DPH)<\/th>\n<\/tr>\n<tr>\n<td><span class=\"nontecky\"><strong>Zn<\/strong> plech \u010dist\u00fd<\/span><\/td>\n<td>25,-<\/td>\n<\/tr>\n<tr>\n<td><span class=\"nontecky\"><strong>Pb<\/strong> kusov\u00e9<\/span><\/td>\n<td>28,-<\/td>\n<\/tr>\n<tr>\n<td><span class=\"nontecky\"><strong>Pb<\/strong> aku + desky<\/span><\/td>\n<td>8,- a\u017e 10,-<\/td>\n<\/tr>\n<tr>\n<td><span class=\"nontecky\"><strong>Elektromotory<\/strong> (dle velikosti a motory)<\/span><\/td>\n<td>6,- a\u017e 8,-<\/td>\n<\/tr>\n<tr>\n<td><span class=\"nontecky\"><strong>Vy\u0159azen\u00e1 za\u0159\u00edzen\u00ed<\/strong> (el. \u0161rot)<\/span><\/td>\n<td>2,- a\u017e 30,-<\/td>\n<\/tr>\n<tr>\n<td><span class=\"nontecky\"><strong>Litina<\/strong> upraven\u00e1 max. 400 mm, 100 kg<\/span><\/td>\n<td>5,00<\/td>\n<\/tr>\n<tr>\n<td><span class=\"nontecky\"><strong>Litina<\/strong> neupraven\u00e1<\/span><\/td>\n<td>3,- a\u017e 4,-<\/td>\n<\/tr>\n<tr>\n<td><span class=\"nontecky\"><strong>Nerezov\u00e1 ocel<\/strong> \u2013 CrNi 18\/8 nemagnetick\u00e1\/ t\u0159\u00edsky<\/span><\/td>\n<td>23,-\/18,-<\/td>\n<\/tr>\n<tr>\n<td><span class=\"nontecky\"><strong>Chromov\u00e1 ocel\u00a0 <\/strong>magnetick\u00e1 <\/span><\/td>\n<td>5,-<\/td>\n<\/tr>\n<\/tbody>\n<\/table>\n<p>&nbsp;<\/p>\n<\/div>\n","protected":false},"excerpt":{"rendered":"<p>V\u00fdkupn\u00ed ceny ne\u017eelezn\u00fdch kov\u016f a \u017eelezn\u00e9ho \u0161rotu platn\u00e9 od 6.3.2015 M\u011b\u010f materi\u00e1l &#8211; druh (F) cena K\u010d\/kg (bez DPH) Cu \u010dist\u00e1 elektrovodn\u00e1 nad 1 mm a\u017e 123,- Cu \u010dist\u00e1 elektrovodn\u00e1 do 1 mm 113,- Cu vodi\u010de zelen\u00e9, trolej 113,- Cu vodi\u010de opalovan\u00e9,poc\u00ednovan\u00e9,lakovan\u00e9 113,- Cu kusov\u00e1 \u010dist\u00e1 t\u011b\u017ek\u00e1, trubky 113,- Cu kusov\u00e1 lehk\u00e1 poc\u00ednovan\u00e1 113,- Cu [&hellip;]<\/p>\n","protected":false},"author":1,"featured_media":0,"parent":0,"menu_order":0,"comment_status":"open","ping_status":"open","template":"content-cenik.php","meta":{"footnotes":""},"class_list":["post-3153","page","type-page","status-publish","hentry"],"_links":{"self":[{"href":"https:\/\/www.recyklo-plzen.cz\/en\/wp-json\/wp\/v2\/pages\/3153","targetHints":{"allow":["GET"]}}],"collection":[{"href":"https:\/\/www.recyklo-plzen.cz\/en\/wp-json\/wp\/v2\/pages"}],"about":[{"href":"https:\/\/www.recyklo-plzen.cz\/en\/wp-json\/wp\/v2\/types\/page"}],"author":[{"embeddable":true,"href":"https:\/\/www.recyklo-plzen.cz\/en\/wp-json\/wp\/v2\/users\/1"}],"replies":[{"embeddable":true,"href":"https:\/\/www.recyklo-plzen.cz\/en\/wp-json\/wp\/v2\/comments?post=3153"}],"version-history":[{"count":3,"href":"https:\/\/www.recyklo-plzen.cz\/en\/wp-json\/wp\/v2\/pages\/3153\/revisions"}],"predecessor-version":[{"id":3265,"href":"https:\/\/www.recyklo-plzen.cz\/en\/wp-json\/wp\/v2\/pages\/3153\/revisions\/3265"}],"wp:attachment":[{"href":"https:\/\/www.recyklo-plzen.cz\/en\/wp-json\/wp\/v2\/media?parent=3153"}],"curies":[{"name":"wp","href":"https:\/\/api.w.org\/{rel}","templated":true}]}}