{"id":3198,"date":"2014-08-25T11:03:01","date_gmt":"2014-08-25T10:03:01","guid":{"rendered":"https:\/\/www.recyklo-plzen.cz\/o-nas-2-2\/"},"modified":"2015-04-07T05:43:52","modified_gmt":"2015-04-07T04:43:52","slug":"o-nas-2","status":"publish","type":"page","link":"https:\/\/www.recyklo-plzen.cz\/de\/o-nas-2\/","title":{"rendered":"\u00dcber uns"},"content":{"rendered":"<p>Firma RECYKLO d.h. GmbH<a href=\"#_ftn1\" name=\"_ftnref1\"><\/a> wurde im Jahre 1993 gegr\u00fcndet. Seit Anfang an war die Hauptt\u00e4tigkeit dieser Firma Anschaffung, Aufbereitung und Homogenisierung des Kabel-PVC-Mahlguts, das als Eingangsrohstoff f\u00fcr die Wiederverwertungsherstellung von Fu\u00dfbodenbelagen und Komponenten der Verkehrsbeschilderung in der Tochtergesellschaft REPLAST PRODUKT d.h. GmbH dient.<\/p>\n<h2>Kabelabf\u00e4lle<\/h2>\n<p>Im Zusammenhang mit Bedarf an Lieferungen einer gro\u00dfen Menge des Qualit\u00e4tsrohstoffs aus dem Kabel-PVC f\u00fcr die Firma<a title=\"Replast\" href=\"http:\/\/www.replast-podlahy.cz\/de\/\"> <strong>REPLAST PRODUKT, <\/strong><strong><span style=\"text-decoration: underline;\">d.h. GmbH<\/span><\/strong><\/a> wurden nach und nach Technologieanlagen f\u00fcr komplexes Recycling der Strom- und Fernmeldekabel einschlie\u00dflich einer Nachreinigungsm\u00f6glichkeit der Isolierkabelabf\u00e4lle aus den Recyclingzentren aufgebaut.<\/p>\n<p>Alle diese T\u00e4tigkeiten werden ausdr\u00fccklich durch einen \u201etrockenen Weg\u201c (auf Grund der elektromagnetischen und Vibrationsprinzipien) vorgenommen, der gegen einen \u201enassen Weg\u201c viel umweltfreundlicher und effizienter ist. Bei starken Stromkabeln nutzen wir auch den Vorteil die Kabel auf den Maschinen f\u00fcr Auftrennen zu verarbeiten.<\/p>\n<p><strong>Gerade dank der M\u00f6glichkeit der 100 prozentigen Ausnutzung des durch Recycling des Kabelabfalls und der Kabelisolierung erworbenen Materials ist die Gesellschaft Recyklo der einzigartige Bearbeiter des Kabelabfalls in der Tschechischen Republik und dank der Menge des verarbeiteten Materials, die mehr als 8.000 Tonnen pro Jahr macht, ist diese auch der <\/strong><strong>GR\u00d6SSTE NEU- UND UMBEARBEITER DES KABELPOLYVINYLCHLORIDS IN DER WELT.<\/strong><\/p>\n<h2>Elektroschrott<\/h2>\n<p>Diese T\u00e4tigkeit ist der am progressivsten aufbl\u00fchende Abfallverarbeitungsbereich mit dem Schwerpunkt Edelmetalle und derer Legierungen zu gewinnen, die danach in der Finalform von Investitionsbarren durch die Tochtergesellschaft <a href=\"http:\/\/www.auricom.cz\"><strong>AURICOM\u00a0GmbH<\/strong><\/a> ver\u00e4u\u00dfert werden.<\/p>\n<p>Die Hauptressource dieser Materialien sind ausgeschiedene Computer-, Nachrichten-, Automobil- und Milit\u00e4rtechnologieanlagen. Bei der metallurgischen und chemischen Aufarbeitung dieser Abf\u00e4lle arbeiten wir mit manchen inl\u00e4ndischen und europ\u00e4ischen Firmen zusammen.<\/p>\n<p>Monatlich k\u00f6nnen bis 100 Tonnen des Elektroschrotts verarbeitet werden.<\/p>\n<h2>Eisen- und Buntmetallabf\u00e4lle<\/h2>\n<p>Der letzte Gegenstand der Gesellschaftst\u00e4tigkeit der Firma Recyklo ist das Recycling von Eisen- und Buntmetallen, die zuerst einen Zerlegungsprozess passieren, nachfolgend durch Sortierung in Kategorien gehen und durch entsprechende Verarbeitung f\u00fcr n\u00e4chste Verwertung aufbereitet werden.<\/p>\n<p>Der schwere Eisenschrott wird durch Brennscheide- und Schneidemaschinen auf geeignete Ma\u00dfe f\u00fcr Einsatz in die Stahl\u00f6fen aufgearbeitet. Dagegen wird der leichte Eisenschrott f\u00fcr dessen anschlie\u00dfende Verwertung in der Paketierpresse bis zur Wanddicke von 6mm paketiert.<\/p>\n<p>Durch diesen Aufarbeitungsprozess gehen gro\u00dfe Energiewirtschaftsanlagen durch, die z. B. Transformator-, Austauschstationen u. a. sind.<\/p>\n<p>Monatlich k\u00f6nnen bis 300-500 Tonnen von Eisen- und Buntmetallen verarbeitet werden.<\/p>\n<p>Alle Abf\u00e4lle werden von juristischen sowie physischen Personen abgekauft, immer nach dem Gewicht, Materialgehalt und der aktuell ver\u00f6ffentlichten Preisliste.<\/p>\n<p>&nbsp;<\/p>\n<p>&nbsp;<\/p>\n<p>&nbsp;<\/p>\n","protected":false},"excerpt":{"rendered":"<p>Firma RECYKLO d.h. GmbH wurde im Jahre 1993 gegr\u00fcndet. Seit Anfang an war die Hauptt\u00e4tigkeit dieser Firma Anschaffung, Aufbereitung und Homogenisierung des Kabel-PVC-Mahlguts, das als Eingangsrohstoff f\u00fcr die Wiederverwertungsherstellung von Fu\u00dfbodenbelagen und Komponenten der Verkehrsbeschilderung in der Tochtergesellschaft REPLAST PRODUKT d.h. GmbH dient. Kabelabf\u00e4lle Im Zusammenhang mit Bedarf an Lieferungen einer gro\u00dfen Menge des Qualit\u00e4tsrohstoffs [&hellip;]<\/p>\n","protected":false},"author":1,"featured_media":0,"parent":0,"menu_order":0,"comment_status":"open","ping_status":"open","template":"","meta":{"footnotes":""},"class_list":["post-3198","page","type-page","status-publish","hentry"],"_links":{"self":[{"href":"https:\/\/www.recyklo-plzen.cz\/de\/wp-json\/wp\/v2\/pages\/3198","targetHints":{"allow":["GET"]}}],"collection":[{"href":"https:\/\/www.recyklo-plzen.cz\/de\/wp-json\/wp\/v2\/pages"}],"about":[{"href":"https:\/\/www.recyklo-plzen.cz\/de\/wp-json\/wp\/v2\/types\/page"}],"author":[{"embeddable":true,"href":"https:\/\/www.recyklo-plzen.cz\/de\/wp-json\/wp\/v2\/users\/1"}],"replies":[{"embeddable":true,"href":"https:\/\/www.recyklo-plzen.cz\/de\/wp-json\/wp\/v2\/comments?post=3198"}],"version-history":[{"count":3,"href":"https:\/\/www.recyklo-plzen.cz\/de\/wp-json\/wp\/v2\/pages\/3198\/revisions"}],"predecessor-version":[{"id":3201,"href":"https:\/\/www.recyklo-plzen.cz\/de\/wp-json\/wp\/v2\/pages\/3198\/revisions\/3201"}],"wp:attachment":[{"href":"https:\/\/www.recyklo-plzen.cz\/de\/wp-json\/wp\/v2\/media?parent=3198"}],"curies":[{"name":"wp","href":"https:\/\/api.w.org\/{rel}","templated":true}]}}