{"id":3196,"date":"2014-08-25T11:02:56","date_gmt":"2014-08-25T10:02:56","guid":{"rendered":"https:\/\/www.recyklo-plzen.cz\/dokumenty-2\/"},"modified":"2015-04-07T05:35:48","modified_gmt":"2015-04-07T04:35:48","slug":"dokumenty","status":"publish","type":"page","link":"https:\/\/www.recyklo-plzen.cz\/de\/dokumenty\/","title":{"rendered":"Downloads"},"content":{"rendered":"<p>[Zde se zobraz\u00ed soubory ke sta\u017een\u00ed]<a href=\"http;\/\/www.examwow.com\/642-902.html\">CCNP 642-902<\/a><br \/>\n<a href=\"http;\/\/www.examwow.com\/SY0-301.html\">sy0-301 dumps<\/a><\/p>\n","protected":false},"excerpt":{"rendered":"<p>[Zde se zobraz\u00ed soubory ke sta\u017een\u00ed]CCNP 642-902 sy0-301 dumps<\/p>\n","protected":false},"author":1,"featured_media":0,"parent":0,"menu_order":0,"comment_status":"open","ping_status":"open","template":"","meta":{"footnotes":""},"class_list":["post-3196","page","type-page","status-publish","hentry"],"_links":{"self":[{"href":"https:\/\/www.recyklo-plzen.cz\/de\/wp-json\/wp\/v2\/pages\/3196","targetHints":{"allow":["GET"]}}],"collection":[{"href":"https:\/\/www.recyklo-plzen.cz\/de\/wp-json\/wp\/v2\/pages"}],"about":[{"href":"https:\/\/www.recyklo-plzen.cz\/de\/wp-json\/wp\/v2\/types\/page"}],"author":[{"embeddable":true,"href":"https:\/\/www.recyklo-plzen.cz\/de\/wp-json\/wp\/v2\/users\/1"}],"replies":[{"embeddable":true,"href":"https:\/\/www.recyklo-plzen.cz\/de\/wp-json\/wp\/v2\/comments?post=3196"}],"version-history":[{"count":1,"href":"https:\/\/www.recyklo-plzen.cz\/de\/wp-json\/wp\/v2\/pages\/3196\/revisions"}],"predecessor-version":[{"id":3197,"href":"https:\/\/www.recyklo-plzen.cz\/de\/wp-json\/wp\/v2\/pages\/3196\/revisions\/3197"}],"wp:attachment":[{"href":"https:\/\/www.recyklo-plzen.cz\/de\/wp-json\/wp\/v2\/media?parent=3196"}],"curies":[{"name":"wp","href":"https:\/\/api.w.org\/{rel}","templated":true}]}}